{"id":10425,"date":"2026-01-22T10:14:59","date_gmt":"2026-01-22T10:14:59","guid":{"rendered":"https:\/\/gimm.pt\/reporting-channel\/"},"modified":"2026-01-30T15:25:57","modified_gmt":"2026-01-30T15:25:57","slug":"reporting-channel","status":"publish","type":"page","link":"https:\/\/gimm.pt\/pt-pt\/reporting-channel\/","title":{"rendered":"Reporting Channel"},"content":{"rendered":"\n<div style=\"height:40px\" aria-hidden=\"true\" class=\"wp-block-spacer\"><\/div>\n\n\n\n<h3 class=\"wp-block-heading has-text-color has-link-color wp-elements-193078efe31564713ebaf9345ad83d40\" style=\"color:#9933ff\">Quando devo utilizar este canal?<\/h3>\n\n\n\n<p>O <em>Reporting Channel<\/em> deve ser utilizado sempre que exista conhecimento ou suspeita fundamentada de uma situa\u00e7\u00e3o que:<\/p>\n\n\n\n<ul>\n<li>possa violar a lei, regulamentos aplic\u00e1veis ou pol\u00edticas internas do GIMM;<\/li>\n\n\n\n<li>represente um risco \u00e9tico, institucional ou reputacional;<\/li>\n\n\n\n<li>envolva comportamentos graves, sistem\u00e1ticos ou sens\u00edveis;<\/li>\n\n\n\n<li>n\u00e3o possa ser adequadamente resolvida atrav\u00e9s dos canais hier\u00e1rquicos ou informais habituais.<\/li>\n<\/ul>\n\n\n\n<div style=\"height:40px\" aria-hidden=\"true\" class=\"wp-block-spacer\"><\/div>\n\n\n\n<h3 class=\"wp-block-heading has-text-color has-link-color wp-elements-fc0c0defa9aae9183fafbad668ed3cef\" style=\"color:#9933ff\">Este canal n\u00e3o se destina a:<\/h3>\n\n\n\n<ul>\n<li>reclama\u00e7\u00f5es de natureza pessoal ou meramente laboral (salvo se envolverem viola\u00e7\u00f5es graves);<\/li>\n\n\n\n<li>diverg\u00eancias cient\u00edficas leg\u00edtimas;<\/li>\n\n\n\n<li>queixas sobre qualidade de servi\u00e7os ou desacordos operacionais correntes.<\/li>\n<\/ul>\n\n\n\n<div style=\"height:40px\" aria-hidden=\"true\" class=\"wp-block-spacer\"><\/div>\n\n\n\n<h3 class=\"wp-block-heading has-text-color has-link-color wp-elements-fb60289db61dfa86cdfd89541680b7d7\" style=\"color:#9933ff\">Como fazer uma comunica\u00e7\u00e3o de qualidade?<\/h3>\n\n\n\n<p>Uma comunica\u00e7\u00e3o clara e bem estruturada \u00e9 essencial para permitir uma an\u00e1lise rigorosa e c\u00e9lere. Sempre que poss\u00edvel, recomenda-se que a comunica\u00e7\u00e3o inclua:<\/p>\n\n\n\n<ul>\n<li>uma descri\u00e7\u00e3o clara e objetiva dos factos;<\/li>\n\n\n\n<li>o contexto, data e local em que ocorreram;<\/li>\n\n\n\n<li>as \u00e1reas ou pessoas envolvidas (sempre que conhecido);<\/li>\n\n\n\n<li>se a situa\u00e7\u00e3o ocorreu pontualmente ou de forma reiterada;<\/li>\n\n\n\n<li>quaisquer documentos ou outros elementos relevantes.<\/li>\n<\/ul>\n\n\n\n<p>N\u00e3o \u00e9 necess\u00e1rio dispor de provas conclusivas para comunicar uma situa\u00e7\u00e3o, mas a comunica\u00e7\u00e3o deve ser feita de boa-f\u00e9, com base em ind\u00edcios razo\u00e1veis.<br>Quanto mais clara e concreta for a informa\u00e7\u00e3o prestada, maior ser\u00e1 a capacidade do GIMM de analisar adequadamente a situa\u00e7\u00e3o.<\/p>\n\n\n\n<div style=\"height:40px\" aria-hidden=\"true\" class=\"wp-block-spacer\"><\/div>\n\n\n\n<h3 class=\"wp-block-heading has-text-color has-link-color wp-elements-f4da6d7e6ef6a430a484359bfb8ac8a9\" style=\"color:#9933ff\">O que acontece ap\u00f3s a comunica\u00e7\u00e3o?<\/h3>\n\n\n\n<p>Ap\u00f3s a submiss\u00e3o da comunica\u00e7\u00e3o:<\/p>\n\n\n\n<ol>\n<li><strong>Rece\u00e7\u00e3o e an\u00e1lise preliminar<br><\/strong>A comunica\u00e7\u00e3o \u00e9 recebida atrav\u00e9s do canal oficial e sujeita a uma an\u00e1lise inicial independente, por uma entidade externa, destinada a verificar o seu enquadramento.<\/li>\n\n\n\n<li><strong>Encaminhamento para o Comit\u00e9 competente<br><\/strong>Consoante a natureza da situa\u00e7\u00e3o reportada, a comunica\u00e7\u00e3o \u00e9 encaminhada para o Comit\u00e9 respons\u00e1vel pela sua an\u00e1lise.<\/li>\n\n\n\n<li><strong>Apuramento dos factos<br><\/strong>Sempre que se justifique, s\u00e3o realizadas dilig\u00eancias adequadas para o esclarecimento da situa\u00e7\u00e3o, respeitando os princ\u00edpios de imparcialidade, confidencialidade e contradit\u00f3rio.<\/li>\n\n\n\n<li><strong>Conclus\u00e3o e decis\u00e3o<br><\/strong>O processo culmina numa decis\u00e3o fundamentada, podendo resultar em medidas preventivas, corretivas ou sancionat\u00f3rias, quando aplic\u00e1vel.<br>O autor da comunica\u00e7\u00e3o \u00e9 informado sobre os principais desenvolvimentos, dentro dos prazos legalmente previstos.<\/li>\n<\/ol>\n\n\n\n<div style=\"height:40px\" aria-hidden=\"true\" class=\"wp-block-spacer\"><\/div>\n\n\n\n<h3 class=\"wp-block-heading has-text-color has-link-color wp-elements-bb3c8b339b39928159ee8b878412f78d\" style=\"color:#9933ff\">Os Comit\u00e9s respons\u00e1veis<\/h3>\n\n\n\n<p>Para garantir independ\u00eancia, especializa\u00e7\u00e3o e imparcialidade, o GIMM disp\u00f5e de dois Comit\u00e9s distintos, consoante a natureza da situa\u00e7\u00e3o reportada:<\/p>\n\n\n\n<div style=\"height:20px\" aria-hidden=\"true\" class=\"wp-block-spacer\"><\/div>\n\n\n<div id=\"\" class=\"wp-block-gimm-accordion\">\n\n\t<div class=\"accordion\" id=\"accordion\">\n\t\t\t\t\t\t<div class=\"accordion-item\">\n\t\t\t\t\t<h2 class=\"accordion-header\" id=\"header-comite-anti-bullying\">\n\t\t\t\t\t\t<button class=\"accordion-button collapsed\" type=\"button\" data-bs-toggle=\"collapse\"\n\t\t\t\t\t\t\tdata-bs-target=\"#comite-anti-bullying\"\n\t\t\t\t\t\t\taria-expanded=\"false\" aria-controls=\"comite-anti-bullying\">\n\t\t\t\t\t\t\t<h3>Comit\u00e9 Anti-bullying<\/h3>\n\t\t\t\t\t\t<\/button>\n\t\t\t\t\t<\/h2>\n\t\t\t\t\t<div id=\"comite-anti-bullying\" class=\"accordion-collapse collapse\"\n\t\t\t\t\t\tdata-bs-parent=\"#accordion\">\n\t\t\t\t\t\t<div class=\"accordion-body\">\n\t\t\t\t\t\t\t<p>Respons\u00e1vel pela an\u00e1lise de comunica\u00e7\u00f5es relacionadas com conduta \u00e9tica, ass\u00e9dio, discrimina\u00e7\u00e3o, conflitos interpessoais graves e outras situa\u00e7\u00f5es de natureza comportamental ou organizacional.<\/p>\n<p><strong>Composi\u00e7\u00e3o:<\/strong><\/p>\n<ul>\n<li><strong>Alda Azevedo<\/strong>, Investigadora Principal no Instituto de Ci\u00eancias Sociais da Universidade de Lisboa<\/li>\n<li><strong>Ana Rita Gil<\/strong>, Professora Auxiliar na Faculdade de Direito da Universidade de Lisboa<\/li>\n<li><strong>Helder Maiato<\/strong>, Investigador Principal no Instituto de Investiga\u00e7\u00e3o e Inova\u00e7\u00e3o em Sa\u00fade da Universidade do Porto<\/li>\n<\/ul>\n\t\t\t\t\t\t<\/div>\n\t\t\t\t\t<\/div>\n\t\t\t\t<\/div>\n\t\t\t\t\t\t\t<div class=\"accordion-item\">\n\t\t\t\t\t<h2 class=\"accordion-header\" id=\"header-comite-de-gestao-de-riscos-e-irregularidades\">\n\t\t\t\t\t\t<button class=\"accordion-button collapsed\" type=\"button\" data-bs-toggle=\"collapse\"\n\t\t\t\t\t\t\tdata-bs-target=\"#comite-de-gestao-de-riscos-e-irregularidades\"\n\t\t\t\t\t\t\taria-expanded=\"false\" aria-controls=\"comite-de-gestao-de-riscos-e-irregularidades\">\n\t\t\t\t\t\t\t<h3>Comit\u00e9 de Gest\u00e3o de Riscos e Irregularidades<\/h3>\n\t\t\t\t\t\t<\/button>\n\t\t\t\t\t<\/h2>\n\t\t\t\t\t<div id=\"comite-de-gestao-de-riscos-e-irregularidades\" class=\"accordion-collapse collapse\"\n\t\t\t\t\t\tdata-bs-parent=\"#accordion\">\n\t\t\t\t\t\t<div class=\"accordion-body\">\n\t\t\t\t\t\t\t<p>Respons\u00e1vel pela an\u00e1lise de comunica\u00e7\u00f5es relacionadas com corrup\u00e7\u00e3o, fraude, integridade cient\u00edfica, gest\u00e3o financeira, conflitos de interesses institucionais e outras infra\u00e7\u00f5es legais ou regulamentares.<\/p>\n<p><strong>Composi\u00e7\u00e3o:<\/strong><\/p>\n<ul>\n<li><strong>Jorge Vasconcelos<\/strong>, Vogal n\u00e3o executivo do Conselho de Administra\u00e7\u00e3o da Funda\u00e7\u00e3o GIMM &#8211; Gulbenkian Institute for Molecular Medicine<\/li>\n<li><strong>Paula Prado<\/strong>, Vogal n\u00e3o executivo do Conselho de Administra\u00e7\u00e3o da Funda\u00e7\u00e3o GIMM &#8211; Gulbenkian Institute for Molecular Medicine<\/li>\n<\/ul>\n\t\t\t\t\t\t<\/div>\n\t\t\t\t\t<\/div>\n\t\t\t\t<\/div>\n\t\t\t\t<\/div>\n\n<\/div>\n\n\n<div style=\"height:20px\" aria-hidden=\"true\" class=\"wp-block-spacer\"><\/div>\n\n\n\n<p>A composi\u00e7\u00e3o dos Comit\u00e9s assegura diversidade de perfis e evita situa\u00e7\u00f5es de conflito de interesses.<\/p>\n\n\n\n<div style=\"height:40px\" aria-hidden=\"true\" class=\"wp-block-spacer\"><\/div>\n\n\n\n<h3 class=\"wp-block-heading has-text-color has-link-color wp-elements-2da3a628c2137122dccbcb29f333fb5e\" style=\"color:#9933ff\">Confidencialidade e prote\u00e7\u00e3o de quem comunica<\/h3>\n\n\n\n<p>O GIMM garante que:<\/p>\n\n\n\n<ul>\n<li>a identidade do autor da comunica\u00e7\u00e3o \u00e9 protegida e apenas conhecida quando estritamente necess\u00e1rio;<\/li>\n\n\n\n<li>comunica\u00e7\u00f5es an\u00f3nimas s\u00e3o aceites e tratadas;<\/li>\n\n\n\n<li>qualquer forma de retalia\u00e7\u00e3o contra quem comunica de boa-f\u00e9 \u00e9 proibida e sancionada;<\/li>\n\n\n\n<li>todas as situa\u00e7\u00f5es s\u00e3o tratadas com rigor, proporcionalidade e respeito pelas pessoas envolvidas.<\/li>\n<\/ul>\n\n\n\n<div style=\"height:40px\" aria-hidden=\"true\" class=\"wp-block-spacer\"><\/div>\n\n\n\n<h3 class=\"wp-block-heading has-text-color has-link-color wp-elements-5dbd1fd5ff8984fcf9fd7364602512bc\" style=\"color:#9933ff\">Um compromisso com a integridade<\/h3>\n\n\n\n<p>O <em>Reporting Channel<\/em> \u00e9 um instrumento essencial para promover uma cultura de integridade, responsabilidade e transpar\u00eancia no GIMM.<\/p>\n\n\n\n<p>A participa\u00e7\u00e3o respons\u00e1vel de toda a comunidade \u00e9 fundamental para garantir um ambiente institucional seguro, \u00e9tico e alinhado com os mais elevados padr\u00f5es cient\u00edficos e organizacionais.<\/p>\n\n\n\n<div style=\"height:30px\" aria-hidden=\"true\" class=\"wp-block-spacer\"><\/div>\n\n\n\n<div class=\"wp-block-buttons is-horizontal is-content-justification-center is-layout-flex wp-container-core-buttons-is-layout-1 wp-block-buttons-is-layout-flex\">\n<div class=\"wp-block-button has-custom-width wp-block-button__width-75 has-custom-font-size has-large-font-size\"><a class=\"wp-block-button__link has-background wp-element-button\" href=\"mailto: reportingchannel.gimm@pt.ey.com\" style=\"background-color:#ff0066\"><em>Reporting Channel<\/em>: reportingchannel.gimm@pt.ey.com<\/a><\/div>\n<\/div>\n","protected":false},"excerpt":{"rendered":"<p>Quando devo utilizar este canal? O Reporting Channel deve ser utilizado sempre que exista conhecimento ou suspeita fundamentada de uma situa\u00e7\u00e3o que: Este canal n\u00e3o [&hellip;]<\/p>\n","protected":false},"author":1004,"featured_media":0,"parent":0,"menu_order":0,"comment_status":"closed","ping_status":"closed","template":"","meta":{"_acf_changed":false,"footnotes":""},"acf":[],"_links":{"self":[{"href":"https:\/\/gimm.pt\/pt-pt\/wp-json\/wp\/v2\/pages\/10425"}],"collection":[{"href":"https:\/\/gimm.pt\/pt-pt\/wp-json\/wp\/v2\/pages"}],"about":[{"href":"https:\/\/gimm.pt\/pt-pt\/wp-json\/wp\/v2\/types\/page"}],"author":[{"embeddable":true,"href":"https:\/\/gimm.pt\/pt-pt\/wp-json\/wp\/v2\/users\/1004"}],"replies":[{"embeddable":true,"href":"https:\/\/gimm.pt\/pt-pt\/wp-json\/wp\/v2\/comments?post=10425"}],"version-history":[{"count":5,"href":"https:\/\/gimm.pt\/pt-pt\/wp-json\/wp\/v2\/pages\/10425\/revisions"}],"predecessor-version":[{"id":10564,"href":"https:\/\/gimm.pt\/pt-pt\/wp-json\/wp\/v2\/pages\/10425\/revisions\/10564"}],"wp:attachment":[{"href":"https:\/\/gimm.pt\/pt-pt\/wp-json\/wp\/v2\/media?parent=10425"}],"curies":[{"name":"wp","href":"https:\/\/api.w.org\/{rel}","templated":true}]}}