{"id":535,"date":"2024-06-26T16:28:37","date_gmt":"2024-06-26T16:28:37","guid":{"rendered":"https:\/\/gimm.pt\/contactos\/"},"modified":"2024-10-02T14:30:26","modified_gmt":"2024-10-02T14:30:26","slug":"contactos","status":"publish","type":"page","link":"https:\/\/gimm.pt\/pt-pt\/contactos\/","title":{"rendered":"Contactos"},"content":{"rendered":"<div style=\"position: relative;\" id=\"\" class=\"alignfull\">\n\n\t\n\t\n\t<div style=\"background-color: unset;\" class=\"wrapper_section  \">\n\n\t\t<section >\n\t\t\t<div class=\"container\">\n\n\n\t\t\t\t\t\t\t\t<div class=\"acf-innerblocks-container\">\n\n<div class=\"wp-block-columns is-layout-flex wp-container-core-columns-is-layout-1 wp-block-columns-is-layout-flex\">\n<div class=\"wp-block-column is-layout-flow wp-block-column-is-layout-flow\">\n<h2>P\u00f3lo de Lisboa<\/h2>\n                <p>Edif\u00edcio Egas Moniz<br\/>Avenida Professor Egas Moniz<br\/>1649-028 Lisboa, Portugal<\/p>\n                \n                <ul class=\"list-unstyled\">\n                  <li class=\"media_contacts_imm wow fadeInUp\" data-wow-delay=\"0s\">\n                    <div class=\"media-body\">\n                      <h3>Telefone<\/h3>\n                      <a href=\"tel:00351217999411\"><i class=\"bi bi-telephone-fill\"><\/i>  (+351) 217 999 411<\/a>\n                    <\/div>\n                  <\/li>\n                  <li class=\"media_contacts_imm wow fadeInUp\" data-wow-delay=\"0.2s\">\n                    <div class=\"media-body\">\n                      <h3>Correio eletr\u00f3nico<\/h3>\n                      <a href=\"mailto:info@gimm.pt\"><i class=\"bi bi-envelope\"><\/i> info@gimm.pt<\/a>\n                    <\/div>\n                  <\/li>\n                <\/ul>\n<\/div>\n\n\n\n<div class=\"wp-block-column is-layout-flow wp-block-column-is-layout-flow\"><div id=\"\" class=\"wp-block-gimm-tab\">\n\n\n<nav>\n\n  <div class=\"nav nav-tabs\" id=\"links_\" role=\"tablist\">\n    \t\t\t\t<button style=\"font-size: 1.8rem\" class=\"nav-link  active fst-italic\" id=\"tab-mapa\"\n        data-bs-toggle=\"tab\" data-bs-target=\"#mapa\" type=\"button\" role=\"tab\">\n        Mapa      <\/button>\n\t\t\t\t\t\t\t<button style=\"font-size: 1.8rem\" class=\"nav-link   fst-italic\" id=\"tab-informacoes-adicionais\"\n        data-bs-toggle=\"tab\" data-bs-target=\"#informacoes-adicionais\" type=\"button\" role=\"tab\">\n        Informa\u00e7\u00f5es adicionais      <\/button>\n\t\t\t    <\/div>\n  <\/nav>\n\t<div class=\"tab-content\" id=\"content_\">\n\t\t\t\t\t\t<div class=\"tab-pane fade show active \" id=\"mapa\" role=\"tabpanel\">\n\t\t\t\t\t<div class=\"row my-5\">\n\t\t\t\t\t\t<p><iframe loading=\"lazy\" style=\"border: 0;\" src=\"https:\/\/www.google.com\/maps\/embed?pb=!1m18!1m12!1m3!1d3111.7413264138036!2d-9.164092823553148!3d38.746697755581216!2m3!1f0!2f0!3f0!3m2!1i1024!2i768!4f13.1!3m3!1m2!1s0xd19331bc2f28e2b%3A0xbdcfa9c87a4c0bc4!2sInstituto%20de%20Medicina%20Molecular%20(IMM)!5e0!3m2!1spt-PT!2spt!4v1712160385943!5m2!1spt-PT!2spt\" width=\"100%\" height=\"450px\" allowfullscreen=\"allowfullscreen\"><\/iframe><\/p>\n\t\t\t\t\t<\/div>\n\t\t\t\t<\/div>\n\t\t\t\t\t\t\t<div class=\"tab-pane fade show  \" id=\"informacoes-adicionais\" role=\"tabpanel\">\n\t\t\t\t\t<div class=\"row my-5\">\n\t\t\t\t\t\t<p>&nbsp;<\/p>\n<div class=\"row\">\n<div class=\"col-lg-6 pt-4\">\n<div class=\"box p-4 text-white purple\">\n<h4>Coordenadas:<\/h4>\n<p> 38\u00b044&#8217;47 \u201cN 9\u00b09&#8217;40 \u201dW Pode utilizar a entrada principal do Hospital de Santa Maria, na Av. D. Jo\u00e3o Paulo II. Professor Egas Moniz (Cidade Universit\u00e1ria) ou acede por outra entrada pela Av. Prof. Professor Gama Pinto. <\/p>\n<h4>Chegar de carro:<\/h4>\n<p> Disp\u00f5es de v\u00e1rios parques de estacionamento \u00e0 porta do Hospital de Santa Maria. No interior do campus do Hospital de Santa Maria, o acesso a viaturas est\u00e1 limitado aos lugares dispon\u00edveis. <\/p><\/div>\n<\/div>\n<div class=\"col-lg-6 pt-4\">\n<div class=\"box p-4 text-white purple\">\n<h4>Chega de metro\/autocarro:<\/h4>\n<p> Podes apanhar a linha amarela e sair na esta\u00e7\u00e3o Cidade Universit\u00e1ria. Podes apanhar diferentes autocarros, dependendo de onde vens. <\/p>\n<ul>\n<li>701 | Campo Ourique \/ Charneca<\/li>\n<li>732 | Hospital St\u00aa Maria \/ Caselas<\/li>\n<li>31 | Av. Jos\u00e9 Malhoa \/ Moscavide-Centro<\/li>\n<li>64 | Damaia de Cima \/ Cidade Universit\u00e1ria<\/li>\n<li>755 | Sete Rios \/ Po\u00e7o Bispo<\/li>\n<li>768 | Quinta Olival \/ Cidade Universit\u00e1ria<\/li>\n<li>35 | Cais Sodr\u00e9 \/ Hospital St\u00aa Maria<\/li>\n<li>732 | Hospital St\u00aa Maria \/ Caselas<\/li>\n<\/ul>\n<\/div>\n<\/div>\n<\/div>\n\t\t\t\t\t<\/div>\n\t\t\t\t<\/div>\n\t\t\t\t<\/div>\n\n<\/div>\n\n\n<\/div>\n<\/div>\n\n<\/div>\n\t\t\t<\/div>\n\t\t<\/section>\n\t<\/div>\n\n<\/div><div style=\"position: relative;\" id=\"\" class=\"alignfull\">\n\n\t\n\t\n\t<div style=\"background-color: unset;\" class=\"wrapper_section  \">\n\n\t\t<section >\n\t\t\t<div class=\"container\">\n\n\n\t\t\t\t\t\t\t\t<div class=\"acf-innerblocks-container\">\n\n<div class=\"wp-block-columns is-layout-flex wp-container-core-columns-is-layout-2 wp-block-columns-is-layout-flex\">\n<div class=\"wp-block-column is-layout-flow wp-block-column-is-layout-flow\">\n<h2>P\u00f3lo de Oeiras<\/h2>\n                <p>R. Q.ta Grande 6 2780, 2780-156 Oeiras<\/p>\n                \n                <ul class=\"list-unstyled\">\n                  <li class=\"media_contacts_igc wow fadeInUp\" data-wow-delay=\"0s\">\n                    <div class=\"media-body\">\n                      <h3>Telefone<\/h3>\n                      <a href=\"tel:00351214407900\"><i class=\"bi bi-telephone-fill\"><\/i>  (+351) 214 407 900<\/a>\n                    <\/div>\n                  <\/li>\n                  <li class=\"media_contacts_igc wow fadeInUp\" data-wow-delay=\"0.2s\">\n                    <div class=\"media-body\">\n                      <h3>Correio eletr\u00f3nico<\/h3>\n                      <a href=\"mailto:info@gimm.pt\"><i class=\"bi bi-envelope\"><\/i>  info@gimm.pt<\/a>\n                    <\/div>\n                  <\/li>\n                <\/ul>\n<\/div>\n\n\n\n<div class=\"wp-block-column is-layout-flow wp-block-column-is-layout-flow\"><div id=\"\" class=\"wp-block-gimm-tab\">\n\n\n<nav>\n\n  <div class=\"nav nav-tabs\" id=\"links_\" role=\"tablist\">\n    \t\t\t\t<button style=\"font-size: 1.8rem\" class=\"nav-link  active fst-italic\" id=\"tab-mapa\"\n        data-bs-toggle=\"tab\" data-bs-target=\"#mapa\" type=\"button\" role=\"tab\">\n        Mapa      <\/button>\n\t\t\t    <\/div>\n  <\/nav>\n\t<div class=\"tab-content\" id=\"content_\">\n\t\t\t\t\t\t<div class=\"tab-pane fade show active \" id=\"mapa\" role=\"tabpanel\">\n\t\t\t\t\t<div class=\"row my-5\">\n\t\t\t\t\t\t<p><iframe src=\"https:\/\/www.google.com\/maps\/embed?pb=!1m14!1m8!1m3!1d12456.692488998342!2d-9.315723!3d38.6908674!3m2!1i1024!2i768!4f13.1!3m3!1m2!1s0xd1ec928d2d8dbd9%3A0xa58d2f307c0a2f57!2sInstituto%20Gulbenkian%20de%20Ci%C3%AAncia%20(IGC)!5e0!3m2!1spt-PT!2spt!4v1715610017371!5m2!1spt-PT!2spt\" width=\"100%\" height=\"450\" style=\"border:0;\" allowfullscreen=\"\" loading=\"lazy\" referrerpolicy=\"no-referrer-when-downgrade\"><\/iframe><\/p>\n\t\t\t\t\t<\/div>\n\t\t\t\t<\/div>\n\t\t\t\t<\/div>\n\n<\/div>\n\n\n<\/div>\n<\/div>\n\n<\/div>\n\t\t\t<\/div>\n\t\t<\/section>\n\t<\/div>\n\n<\/div>","protected":false},"excerpt":{"rendered":"","protected":false},"author":1002,"featured_media":0,"parent":0,"menu_order":6,"comment_status":"closed","ping_status":"closed","template":"","meta":{"_acf_changed":false,"footnotes":""},"acf":[],"_links":{"self":[{"href":"https:\/\/gimm.pt\/pt-pt\/wp-json\/wp\/v2\/pages\/535"}],"collection":[{"href":"https:\/\/gimm.pt\/pt-pt\/wp-json\/wp\/v2\/pages"}],"about":[{"href":"https:\/\/gimm.pt\/pt-pt\/wp-json\/wp\/v2\/types\/page"}],"author":[{"embeddable":true,"href":"https:\/\/gimm.pt\/pt-pt\/wp-json\/wp\/v2\/users\/1002"}],"replies":[{"embeddable":true,"href":"https:\/\/gimm.pt\/pt-pt\/wp-json\/wp\/v2\/comments?post=535"}],"version-history":[{"count":6,"href":"https:\/\/gimm.pt\/pt-pt\/wp-json\/wp\/v2\/pages\/535\/revisions"}],"predecessor-version":[{"id":2558,"href":"https:\/\/gimm.pt\/pt-pt\/wp-json\/wp\/v2\/pages\/535\/revisions\/2558"}],"wp:attachment":[{"href":"https:\/\/gimm.pt\/pt-pt\/wp-json\/wp\/v2\/media?parent=535"}],"curies":[{"name":"wp","href":"https:\/\/api.w.org\/{rel}","templated":true}]}}