{"id":542,"date":"2024-06-26T17:19:17","date_gmt":"2024-06-26T17:19:17","guid":{"rendered":"https:\/\/gimm.pt\/educacao-e-formacao\/projetos-de-mestrado\/"},"modified":"2024-07-22T10:35:43","modified_gmt":"2024-07-22T10:35:43","slug":"projetos-de-mestrado","status":"publish","type":"page","link":"https:\/\/gimm.pt\/pt-pt\/educacao-e-formacao\/projetos-de-mestrado\/","title":{"rendered":"Projetos de mestrado"},"content":{"rendered":"\n<div class=\"wp-block-group container pt-60 pb-60\"><div class=\"wp-block-group__inner-container is-layout-constrained wp-block-group-is-layout-constrained\">\n<p>Os nossos projetos de mestrado proporcionam aos estudantes uma imers\u00e3o profunda em t\u00f3picos de investiga\u00e7\u00e3o de ponta em ci\u00eancias biol\u00f3gicas e biom\u00e9dicas. Os estudantes t\u00eam a oportunidade de ser membros ativos de equipas de investiga\u00e7\u00e3o neste instituto internacional, o que lhes permite desenvolver compet\u00eancias pr\u00e1ticas e anal\u00edticas e desenvolver o seu pr\u00f3prio projeto de investiga\u00e7\u00e3o, preparando-os para o pr\u00f3ximo passo das suas carreiras ou para a continua\u00e7\u00e3o dos seus estudos.<\/p>\n<\/div><\/div>\n\n\n<section class=\"dividerparallax4\">\n<div class=\"container\">\n<div class=\"row\">\n<div class=\"col-lg-5\">\u00a0<\/div>\n<div class=\"col-lg-7\">\n<h2 class=\"gimm_divider_title pt-3 wow fadeInLeft\"><img decoding=\"async\" class=\"img-fluid gimm_logo_elementw wow fadeInLeft\" src=\"https:\/\/gimm.pt\/wp-content\/themes\/gimm\/dist\/images\/logo_anim.gif\" alt=\"Log\u00f3tipo do GIMM\" \/>Na vertigem\u00a0da descoberta<\/h2>\n<\/div>\n<\/div>\n<\/div>\n<\/section>","protected":false},"excerpt":{"rendered":"<p>Os nossos projetos de mestrado proporcionam aos estudantes uma imers\u00e3o profunda em t\u00f3picos de investiga\u00e7\u00e3o de ponta em ci\u00eancias biol\u00f3gicas e biom\u00e9dicas. Os estudantes t\u00eam [&hellip;]<\/p>\n","protected":false},"author":1002,"featured_media":0,"parent":537,"menu_order":3,"comment_status":"closed","ping_status":"closed","template":"","meta":{"_acf_changed":false,"footnotes":""},"acf":[],"_links":{"self":[{"href":"https:\/\/gimm.pt\/pt-pt\/wp-json\/wp\/v2\/pages\/542"}],"collection":[{"href":"https:\/\/gimm.pt\/pt-pt\/wp-json\/wp\/v2\/pages"}],"about":[{"href":"https:\/\/gimm.pt\/pt-pt\/wp-json\/wp\/v2\/types\/page"}],"author":[{"embeddable":true,"href":"https:\/\/gimm.pt\/pt-pt\/wp-json\/wp\/v2\/users\/1002"}],"replies":[{"embeddable":true,"href":"https:\/\/gimm.pt\/pt-pt\/wp-json\/wp\/v2\/comments?post=542"}],"version-history":[{"count":9,"href":"https:\/\/gimm.pt\/pt-pt\/wp-json\/wp\/v2\/pages\/542\/revisions"}],"predecessor-version":[{"id":1036,"href":"https:\/\/gimm.pt\/pt-pt\/wp-json\/wp\/v2\/pages\/542\/revisions\/1036"}],"up":[{"embeddable":true,"href":"https:\/\/gimm.pt\/pt-pt\/wp-json\/wp\/v2\/pages\/537"}],"wp:attachment":[{"href":"https:\/\/gimm.pt\/pt-pt\/wp-json\/wp\/v2\/media?parent=542"}],"curies":[{"name":"wp","href":"https:\/\/api.w.org\/{rel}","templated":true}]}}