{"id":568,"date":"2024-06-26T17:20:20","date_gmt":"2024-06-26T17:20:20","guid":{"rendered":"https:\/\/gimm.pt\/?page_id=568"},"modified":"2026-02-10T16:09:12","modified_gmt":"2026-02-10T16:09:12","slug":"cursos","status":"publish","type":"page","link":"https:\/\/gimm.pt\/pt-pt\/educacao-e-formacao\/cursos\/","title":{"rendered":"Cursos avan\u00e7ados"},"content":{"rendered":"\n<div class=\"wp-block-group container pt-60 pb-60\"><div class=\"wp-block-group__inner-container is-layout-constrained wp-block-group-is-layout-constrained\">\n<p>Os cursos do GIMM destinam-se a cientistas e estudantes que pretendam alargar os seus conhecimentos em ci\u00eancias biol\u00f3gicas e biom\u00e9dicas. Estes cursos abrangem uma gama variada de t\u00f3picos, desde t\u00e9cnicas laboratoriais inovadoras at\u00e9 aos \u00faltimos avan\u00e7os numa \u00e1rea cient\u00edfica espec\u00edfica.<br>Para al\u00e9m disso, o GIMM organiza cursos que visam melhorar as compet\u00eancias interpessoais e profissionais essenciais, adaptadas \u00e0 comunidade cient\u00edfica.<\/p>\n\n\n\n<div style=\"height:30px\" aria-hidden=\"true\" class=\"wp-block-spacer\"><\/div>\n\n\n\n<h2 class=\"wp-block-heading\">Pr\u00f3ximos Cursos<\/h2>\n\n\n<div id=\"\" class=\"wp-block-gimm-course-list\">\n\t\t\t\t<section class=\"pt-2\">\n\t\t\t<div class=\"container\">\n\t\t\t\t<div class=\"row\">\n\t\t\t\t\t<div class=\"col-lg-12\">\n\t\t\t\t\t\t<div class=\"row pt-4 mt-4\">\n\t\t\t\t\t\t\t<div class=\"col-lg-12 wow fadeInUp\">\n\t\t\t\t\t\t\t\t\t\t\t\t\t\t\t\t\t<div class=\"owl-carousel owl-theme\">\n\t\t\t\t\t\t\t\t\t\t\t\t\t\t\t\t\t\t\t\t\t<a href=\"https:\/\/gimm.idloom.events\/fundamentals-of-clinical-trials-2026\" target=\"_blank\" class=\"item\">\n\t\t\t\t\t\t\t\t\t\t\t\t<div class=\"card card-gimm-hl zoom-effect-1\">\n\t\t\t\t\t\t\t\t\t\t\t\t\t<div class=\"\">\n\t\t\t\t\t\t\t\t\t\t\t\t\t\t<img decoding=\"async\" src=\"https:\/\/gimm.pt\/wp-content\/themes\/gimm\/dist\/images\/gimm_infrastructure_default3.jpg\" class=\"img-fluid aspect-ratio-4x3\" alt=\"GIMM Course\">\n\t\t\t\t\t\t\t\t\t\t\t\t\t<\/div>\n\n\t\t\t\t\t\t\t\t\t\t\t\t\t<div class=\"card-overlay orange\">\n\t\t\t\t\t\t\t\t\t\t\t\t\t\t<h3 class=\"card-title text-white\">Fundamentals of Clinical Trials 2026\t\t\t\t\t\t\t\t\t\t\t\t\t\t\t\t\t\t\t\t\t\t\t\t\t\t\t\t\t\t\t<small style=\"vertical-align: super;\"><i style=\"font-size: 15px;\" class=\"bi bi-box-arrow-up-right \"><\/i><\/small>\n\t\t\t\t\t\t\t\t\t\t\t\t\t\t\t\t\t\t\t\t\t\t\t\t\t\t\t\t\t<\/h3>\n\t\t\t\t\t\t\t\t\t\t\t\t\t\t<p class=\"card-text text-white\"><\/p>\n\t\t\t\t\t\t\t\t\t\t\t\t\t<\/div>\n\t\t\t\t\t\t\t\t\t\t\t\t\t<div class=\"card-body card-content orange\">\n\t\t\t\t\t\t\t\t\t\t\t\t\t\t<h3 class=\"card-title text-white\">Fundamentals of Clinical Trials 2026\t\t\t\t\t\t\t\t\t\t\t\t\t\t\t\t\t\t\t\t\t\t\t\t\t\t\t\t\t\t\t<small style=\"vertical-align: super;\"><i style=\"font-size: 15px;\" class=\"bi bi-box-arrow-up-right \"><\/i><\/small>\n\t\t\t\t\t\t\t\t\t\t\t\t\t\t\t\t\t\t\t\t\t\t\t\t\t\t\t\t\t<\/h3>\n\t\t\t\t\t\t\t\t\t\t\t\t\t<\/div>\n\t\t\t\t\t\t\t\t\t\t\t\t<\/div>\n\t\t\t\t\t\t\t\t\t\t\t<\/a>\n\t\t\t\t\t\t\t\t\t\t\t\t\t\t\t\t\t\t\t<\/div>\n\t\t\t\t\t\t\t\t\t\t\t\t\t\t\t<\/div>\n\t\t\t\t\t\t<\/div>\n\t\t\t\t\t<\/div>\n\t\t\t\t<\/div>\n\t\t\t<\/div>\n\t\t<\/section>\n\t<\/div>\n\n\n<h2 class=\"wp-block-heading\">Cursos Anteriores<\/h2>\n<\/div><\/div>\n\n\n<div id=\"\" class=\"wp-block-gimm-course-list\">\n\t\t\t\t<section class=\"pt-2\">\n\t\t\t<div class=\"container\">\n\t\t\t\t<div class=\"row\">\n\t\t\t\t\t<div class=\"col-lg-12\">\n\t\t\t\t\t\t<div class=\"row pt-4 mt-4\">\n\t\t\t\t\t\t\t<div class=\"col-lg-12 wow fadeInUp\">\n\t\t\t\t\t\t\t\t\t\t\t\t\t\t\t\t\t<div class=\"owl-carousel owl-theme\">\n\t\t\t\t\t\t\t\t\t\t\t\t\t\t\t\t\t\t\t\t\t<a href=\"https:\/\/gimm.pt\/pt-pt\/course\/biobancos-potenciar-a-investigacao-em-saude\/\"  class=\"item\">\n\t\t\t\t\t\t\t\t\t\t\t\t<div class=\"card card-gimm-hl zoom-effect-1\">\n\t\t\t\t\t\t\t\t\t\t\t\t\t<div class=\"\">\n\t\t\t\t\t\t\t\t\t\t\t\t\t\t<img decoding=\"async\" src=\"https:\/\/gimm.pt\/wp-content\/themes\/gimm\/dist\/images\/gimm_infrastructure_default3.jpg\" class=\"img-fluid aspect-ratio-4x3\" alt=\"GIMM Course\">\n\t\t\t\t\t\t\t\t\t\t\t\t\t<\/div>\n\n\t\t\t\t\t\t\t\t\t\t\t\t\t<div class=\"card-overlay orange\">\n\t\t\t\t\t\t\t\t\t\t\t\t\t\t<h3 class=\"card-title text-white\">Biobancos: Potenciar a investiga\u00e7\u00e3o em sa\u00fade\t\t\t\t\t\t\t\t\t\t\t\t\t\t\t\t\t\t\t\t\t\t\t\t\t\t\t\t\t<\/h3>\n\t\t\t\t\t\t\t\t\t\t\t\t\t\t<p class=\"card-text text-white\">Onde: P\u00f3lo de LisboaQuando: 9 a 11 de Outubro de 2024 Prazo de inscri\u00e7\u00e3o: 22 de Setembro de 2024 Descri\u00e7\u00e3o: Os biobancos s\u00e3o infraestruturas fundamentais&hellip;<\/p>\n\t\t\t\t\t\t\t\t\t\t\t\t\t<\/div>\n\t\t\t\t\t\t\t\t\t\t\t\t\t<div class=\"card-body card-content orange\">\n\t\t\t\t\t\t\t\t\t\t\t\t\t\t<h3 class=\"card-title text-white\">Biobancos: Potenciar a investiga\u00e7\u00e3o em sa\u00fade\t\t\t\t\t\t\t\t\t\t\t\t\t\t\t\t\t\t\t\t\t\t\t\t\t\t\t\t\t<\/h3>\n\t\t\t\t\t\t\t\t\t\t\t\t\t<\/div>\n\t\t\t\t\t\t\t\t\t\t\t\t<\/div>\n\t\t\t\t\t\t\t\t\t\t\t<\/a>\n\t\t\t\t\t\t\t\t\t\t\t\t\t\t\t\t\t\t\t\t\t<a href=\"https:\/\/flxflow.pt\/2024\/05\/15\/5th-flxflow-course\/\" target=\"_blank\" class=\"item\">\n\t\t\t\t\t\t\t\t\t\t\t\t<div class=\"card card-gimm-hl zoom-effect-1\">\n\t\t\t\t\t\t\t\t\t\t\t\t\t<div class=\"\">\n\t\t\t\t\t\t\t\t\t\t\t\t\t\t<img decoding=\"async\" src=\"https:\/\/gimm.pt\/wp-content\/uploads\/2024\/09\/gimm_advance_courses_flxflow.jpg\" class=\"img-fluid aspect-ratio-4x3\" alt=\"GIMM Course\">\n\t\t\t\t\t\t\t\t\t\t\t\t\t<\/div>\n\n\t\t\t\t\t\t\t\t\t\t\t\t\t<div class=\"card-overlay orange\">\n\t\t\t\t\t\t\t\t\t\t\t\t\t\t<h3 class=\"card-title text-white\">5\u00ba Curso de FLxFlow\t\t\t\t\t\t\t\t\t\t\t\t\t\t\t\t\t\t\t\t\t\t\t\t\t\t\t\t\t\t\t<small style=\"vertical-align: super;\"><i style=\"font-size: 15px;\" class=\"bi bi-box-arrow-up-right \"><\/i><\/small>\n\t\t\t\t\t\t\t\t\t\t\t\t\t\t\t\t\t\t\t\t\t\t\t\t\t\t\t\t\t<\/h3>\n\t\t\t\t\t\t\t\t\t\t\t\t\t\t<p class=\"card-text text-white\">Este curso abranger\u00e1 t\u00f3picos b\u00e1sicos e avan\u00e7ados de citometria e incluir\u00e1 palestras e m\u00f3dulos pr\u00e1ticos leccionados por especialistas nacionais e internacionais na \u00e1rea. Ser\u00e3o oferecidas&hellip;<\/p>\n\t\t\t\t\t\t\t\t\t\t\t\t\t<\/div>\n\t\t\t\t\t\t\t\t\t\t\t\t\t<div class=\"card-body card-content orange\">\n\t\t\t\t\t\t\t\t\t\t\t\t\t\t<h3 class=\"card-title text-white\">5\u00ba Curso de FLxFlow\t\t\t\t\t\t\t\t\t\t\t\t\t\t\t\t\t\t\t\t\t\t\t\t\t\t\t\t\t\t\t<small style=\"vertical-align: super;\"><i style=\"font-size: 15px;\" class=\"bi bi-box-arrow-up-right \"><\/i><\/small>\n\t\t\t\t\t\t\t\t\t\t\t\t\t\t\t\t\t\t\t\t\t\t\t\t\t\t\t\t\t<\/h3>\n\t\t\t\t\t\t\t\t\t\t\t\t\t<\/div>\n\t\t\t\t\t\t\t\t\t\t\t\t<\/div>\n\t\t\t\t\t\t\t\t\t\t\t<\/a>\n\t\t\t\t\t\t\t\t\t\t\t\t\t\t\t\t\t\t\t<\/div>\n\t\t\t\t\t\t\t\t\t\t\t\t\t\t\t<\/div>\n\t\t\t\t\t\t<\/div>\n\t\t\t\t\t<\/div>\n\t\t\t\t<\/div>\n\t\t\t<\/div>\n\t\t<\/section>\n\t<\/div>\n\n<section class=\"dividerparallax4\">\n<div class=\"container\">\n<div class=\"row\">\n<div class=\"col-lg-5\"> <\/div>\n<div class=\"col-lg-7\">\n<h2 class=\"gimm_divider_title pt-3 wow fadeInLeft\"><img decoding=\"async\" class=\"img-fluid gimm_logo_elementw wow fadeInLeft\" src=\"https:\/\/gimm.pt\/wp-content\/themes\/gimm\/dist\/images\/logo_anim.gif\" alt=\"Log\u00f3tipo do GIMM\">\u00c0 beira da descoberta<\/h2>\n<\/div>\n<\/div>\n<\/div>\n<\/section>","protected":false},"excerpt":{"rendered":"<p>Os cursos do GIMM destinam-se a cientistas e estudantes que pretendam alargar os seus conhecimentos em ci\u00eancias biol\u00f3gicas e biom\u00e9dicas. Estes cursos abrangem uma gama [&hellip;]<\/p>\n","protected":false},"author":1002,"featured_media":0,"parent":537,"menu_order":5,"comment_status":"closed","ping_status":"closed","template":"","meta":{"_acf_changed":false,"footnotes":""},"acf":[],"_links":{"self":[{"href":"https:\/\/gimm.pt\/pt-pt\/wp-json\/wp\/v2\/pages\/568"}],"collection":[{"href":"https:\/\/gimm.pt\/pt-pt\/wp-json\/wp\/v2\/pages"}],"about":[{"href":"https:\/\/gimm.pt\/pt-pt\/wp-json\/wp\/v2\/types\/page"}],"author":[{"embeddable":true,"href":"https:\/\/gimm.pt\/pt-pt\/wp-json\/wp\/v2\/users\/1002"}],"replies":[{"embeddable":true,"href":"https:\/\/gimm.pt\/pt-pt\/wp-json\/wp\/v2\/comments?post=568"}],"version-history":[{"count":8,"href":"https:\/\/gimm.pt\/pt-pt\/wp-json\/wp\/v2\/pages\/568\/revisions"}],"predecessor-version":[{"id":10613,"href":"https:\/\/gimm.pt\/pt-pt\/wp-json\/wp\/v2\/pages\/568\/revisions\/10613"}],"up":[{"embeddable":true,"href":"https:\/\/gimm.pt\/pt-pt\/wp-json\/wp\/v2\/pages\/537"}],"wp:attachment":[{"href":"https:\/\/gimm.pt\/pt-pt\/wp-json\/wp\/v2\/media?parent=568"}],"curies":[{"name":"wp","href":"https:\/\/api.w.org\/{rel}","templated":true}]}}