{"id":653,"date":"2024-07-08T16:36:19","date_gmt":"2024-07-08T16:36:19","guid":{"rendered":"https:\/\/gimm.pt\/participe\/parceria\/"},"modified":"2024-07-08T17:28:25","modified_gmt":"2024-07-08T17:28:25","slug":"parceria","status":"publish","type":"page","link":"https:\/\/gimm.pt\/pt-pt\/participe\/parceria\/","title":{"rendered":"Parceria"},"content":{"rendered":"\n<p>Estamos sempre \u00e0 procura de parceiros alinhados com a nossa miss\u00e3o de potenciar o nosso impacto coletivo na sociedade. Se quiseres discutir uma poss\u00edvel parceria com a tua empresa, contacta-nos atrav\u00e9s de <strong>\n  <a href=\"mailto:communication@gimm.pt\">communication@gimm.pt<\/a>\n<\/strong><\/p>\n","protected":false},"excerpt":{"rendered":"<p>Estamos sempre \u00e0 procura de parceiros alinhados com a nossa miss\u00e3o de potenciar o nosso impacto coletivo na sociedade. Se quiseres discutir uma poss\u00edvel parceria [&hellip;]<\/p>\n","protected":false},"author":1002,"featured_media":0,"parent":563,"menu_order":7,"comment_status":"closed","ping_status":"closed","template":"","meta":{"_acf_changed":false,"footnotes":""},"acf":[],"_links":{"self":[{"href":"https:\/\/gimm.pt\/pt-pt\/wp-json\/wp\/v2\/pages\/653"}],"collection":[{"href":"https:\/\/gimm.pt\/pt-pt\/wp-json\/wp\/v2\/pages"}],"about":[{"href":"https:\/\/gimm.pt\/pt-pt\/wp-json\/wp\/v2\/types\/page"}],"author":[{"embeddable":true,"href":"https:\/\/gimm.pt\/pt-pt\/wp-json\/wp\/v2\/users\/1002"}],"replies":[{"embeddable":true,"href":"https:\/\/gimm.pt\/pt-pt\/wp-json\/wp\/v2\/comments?post=653"}],"version-history":[{"count":1,"href":"https:\/\/gimm.pt\/pt-pt\/wp-json\/wp\/v2\/pages\/653\/revisions"}],"predecessor-version":[{"id":654,"href":"https:\/\/gimm.pt\/pt-pt\/wp-json\/wp\/v2\/pages\/653\/revisions\/654"}],"up":[{"embeddable":true,"href":"https:\/\/gimm.pt\/pt-pt\/wp-json\/wp\/v2\/pages\/563"}],"wp:attachment":[{"href":"https:\/\/gimm.pt\/pt-pt\/wp-json\/wp\/v2\/media?parent=653"}],"curies":[{"name":"wp","href":"https:\/\/api.w.org\/{rel}","templated":true}]}}